{"id":296,"date":"2016-12-09T11:34:31","date_gmt":"2016-12-09T11:34:31","guid":{"rendered":"http:\/\/54.221.244.85\/index.php\/staff\/"},"modified":"2024-11-19T16:35:23","modified_gmt":"2024-11-19T16:35:23","slug":"staff","status":"publish","type":"page","link":"https:\/\/vocational-fund.org\/?page_id=296","title":{"rendered":"Staff"},"content":{"rendered":"<p>[vc_section use_image_background=&#8221;yes&#8221; background_opacity=&#8221;0.3&#8243; background_parallax=&#8221;section-bg-image-paralax&#8221; background_image=&#8221;218&#8243; css=&#8221;.vc_custom_1679349511906{padding-bottom: 90px !important;background-position: 0 0 !important;background-repeat: repeat !important;}&#8221;][vc_row][vc_column][dity_bordered_heading type=&#8221;h2&#8243; title=&#8221;Direcci\u00f3n&#8221; subtitle=&#8221;Equipo&#8221; css_animation=&#8221;fadeIn&#8221; css=&#8221;.vc_custom_1718223738142{margin-top: 30px !important;margin-bottom: 30px !important;}&#8221;][dity_hcard card_padding=&#8221;card-hero&#8221; image=&#8221;1037&#8243; shadow=&#8221;8&#8243; shadow_hover=&#8221;16&#8243; css_animation=&#8221;fadeIn&#8221;][vc_custom_heading text=&#8221;Director&#8221; use_theme_fonts=&#8221;yes&#8221; css=&#8221;.vc_custom_1608673388484{margin-bottom: 30px !important;}&#8221;][vc_column_text css=&#8221;.vc_custom_1649093582928{margin-bottom: 0px !important;}&#8221;]<\/p>\n<p class=\"lead\"><strong>P. Luis Mosquera, SDB<\/strong><\/p>\n<p><strong>Naci\u00f3 en la ciudad de Machala, El Oro el 16 de julio de 1981.<\/strong> Inici\u00f3 su formaci\u00f3n sacerdotal en el 2002. Su Profesi\u00f3n Perpetua la hizo en Quito el 12 de septiembre del 2009. <strong>Su ordenaci\u00f3n sacerdotal fue en su ciudad natal el 27 agosto del 2011.<\/strong><\/p>\n<p>Se ha desempe\u00f1ado como <strong>Consejero<\/strong> en la Comunidad San Juan Bosco en Guayaquil del 2011 al 2015, <strong>Director<\/strong> de la Comunidad Salesiana de Manta del 2015 al 2020,<strong> Director<\/strong> de la Comunidad San Jos\u00e9 Obrero en Quito del 2020 &#8211; 2021; y <strong>actualmente es Ec\u00f3nomo Inspectorial de la Sociedad Salesiana en el Ecuador y Director del Fondo Vocacional Salesiano.<\/strong><\/p>\n<p><em><strong>Contacto:<\/strong> lmosquera@salesianos.org.ec<\/em>[\/vc_column_text][\/dity_hcard][\/vc_column][\/vc_row][\/vc_section][vc_section use_image_background=&#8221;yes&#8221; background_opacity=&#8221;1&#8243; css=&#8221;.vc_custom_1718223872014{background-position: 0 0 !important;background-repeat: repeat !important;}&#8221;][vc_row][vc_column css=&#8221;.vc_custom_1718223853789{margin-top: 5px !important;}&#8221;][dity_bordered_heading type=&#8221;h2&#8243; title=&#8221;Colaboradores&#8221; subtitle=&#8221;Seglares&#8221; css_animation=&#8221;fadeIn&#8221; css=&#8221;.vc_custom_1718223860077{margin-top: 5px !important;}&#8221;][\/vc_column][\/vc_row][vc_row][vc_column width=&#8221;1\/3&#8243; offset=&#8221;vc_col-lg-4 vc_col-md-12 vc_col-xs-12&#8243;][dity_vcard shadow_hover=&#8221;16&#8243; css_animation=&#8221;fadeIn&#8221;][vc_custom_heading text=&#8221;Ritha Guerra&#8221; font_container=&#8221;tag:h3|text_align:center&#8221; use_theme_fonts=&#8221;yes&#8221;][vc_custom_heading text=&#8221;- COORDINACI\u00d3N &#8211;<\/p>\n<p>rguerra@salesianos.org.ec&#8221; font_container=&#8221;tag:h6|text_align:center|color:%230a0a0a&#8221; use_theme_fonts=&#8221;yes&#8221; el_class=&#8221;card-subtitle text-muted font-italic&#8221; css=&#8221;.vc_custom_1732034045197{margin-top: -20px !important;}&#8221;][\/dity_vcard][\/vc_column][vc_column width=&#8221;1\/3&#8243; offset=&#8221;vc_col-lg-4 vc_col-md-12 vc_col-xs-12&#8243;][dity_vcard shadow=&#8221;4&#8243; shadow_hover=&#8221;16&#8243; css_animation=&#8221;fadeIn&#8221;][vc_custom_heading text=&#8221;Gabriela Tapia&#8221; font_container=&#8221;tag:h3|text_align:center&#8221; use_theme_fonts=&#8221;yes&#8221;][vc_custom_heading text=&#8221;- ARCHIVO &#8211;<\/p>\n<p>etapia@salesianos.org.ec&#8221; font_container=&#8221;tag:h6|text_align:center|color:%23000000&#8243; use_theme_fonts=&#8221;yes&#8221; el_class=&#8221;card-subtitle text-muted font-italic&#8221; css=&#8221;.vc_custom_1718223509048{margin-top: -20px !important;}&#8221;][\/dity_vcard][\/vc_column][vc_column width=&#8221;1\/3&#8243;][dity_vcard shadow=&#8221;4&#8243; shadow_hover=&#8221;16&#8243; css_animation=&#8221;fadeIn&#8221;][vc_custom_heading text=&#8221;Fernanda Vasco&#8221; font_container=&#8221;tag:h3|text_align:center&#8221; use_theme_fonts=&#8221;yes&#8221;][vc_custom_heading text=&#8221;- COMUNICACI\u00d3N &#8211;<\/p>\n<p>fvasco@salesianos.org.ec&#8221; font_container=&#8221;tag:h6|text_align:center&#8221; use_theme_fonts=&#8221;yes&#8221; el_class=&#8221;card-subtitle text-muted font-italic&#8221; css=&#8221;.vc_custom_1718223523160{margin-top: -20px !important;}&#8221;][\/dity_vcard][\/vc_column][\/vc_row][\/vc_section][vc_section css=&#8221;.vc_custom_1482145752059{background-color: #d29f43 !important;}&#8221;][\/vc_section]<\/p>\n","protected":false},"excerpt":{"rendered":"<p>[vc_section use_image_background=&#8221;yes&#8221; background_opacity=&#8221;0.3&#8243; background_parallax=&#8221;section-bg-image-paralax&#8221; background_image=&#8221;218&#8243; css=&#8221;.vc_custom_1679349511906{padding-bottom: 90px !important;background-position: 0 0 !important;background-repeat: repeat !important;}&#8221;][vc_row][vc_column][dity_bordered_heading type=&#8221;h2&#8243; title=&#8221;Direcci\u00f3n&#8221; subtitle=&#8221;Equipo&#8221; css_animation=&#8221;fadeIn&#8221; css=&#8221;.vc_custom_1718223738142{margin-top: 30px !important;margin-bottom: 30px !important;}&#8221;][dity_hcard card_padding=&#8221;card-hero&#8221; image=&#8221;1037&#8243; shadow=&#8221;8&#8243; shadow_hover=&#8221;16&#8243; css_animation=&#8221;fadeIn&#8221;][vc_custom_heading text=&#8221;Director&#8221; use_theme_fonts=&#8221;yes&#8221; css=&#8221;.vc_custom_1608673388484{margin-bottom: [&hellip;]<\/p>\n","protected":false},"author":1,"featured_media":0,"parent":0,"menu_order":0,"comment_status":"closed","ping_status":"closed","template":"","meta":{"sfsi_plus_gutenberg_text_before_share":"","sfsi_plus_gutenberg_show_text_before_share":"","sfsi_plus_gutenberg_icon_type":"","sfsi_plus_gutenberg_icon_alignemt":"","sfsi_plus_gutenburg_max_per_row":"","footnotes":""},"_links":{"self":[{"href":"https:\/\/vocational-fund.org\/index.php?rest_route=\/wp\/v2\/pages\/296"}],"collection":[{"href":"https:\/\/vocational-fund.org\/index.php?rest_route=\/wp\/v2\/pages"}],"about":[{"href":"https:\/\/vocational-fund.org\/index.php?rest_route=\/wp\/v2\/types\/page"}],"author":[{"embeddable":true,"href":"https:\/\/vocational-fund.org\/index.php?rest_route=\/wp\/v2\/users\/1"}],"replies":[{"embeddable":true,"href":"https:\/\/vocational-fund.org\/index.php?rest_route=%2Fwp%2Fv2%2Fcomments&post=296"}],"version-history":[{"count":32,"href":"https:\/\/vocational-fund.org\/index.php?rest_route=\/wp\/v2\/pages\/296\/revisions"}],"predecessor-version":[{"id":2691,"href":"https:\/\/vocational-fund.org\/index.php?rest_route=\/wp\/v2\/pages\/296\/revisions\/2691"}],"wp:attachment":[{"href":"https:\/\/vocational-fund.org\/index.php?rest_route=%2Fwp%2Fv2%2Fmedia&parent=296"}],"curies":[{"name":"wp","href":"https:\/\/api.w.org\/{rel}","templated":true}]}}