{"id":305,"date":"2016-12-09T08:09:02","date_gmt":"2016-12-09T08:09:02","guid":{"rendered":"http:\/\/54.221.244.85\/index.php\/home-page\/"},"modified":"2025-04-11T20:48:15","modified_gmt":"2025-04-11T20:48:15","slug":"home-page","status":"publish","type":"page","link":"https:\/\/vocational-fund.org\/","title":{"rendered":"Home Page"},"content":{"rendered":"<p>[vc_row][vc_column][vc_column_text][\/vc_column_text][\/vc_column][\/vc_row][vc_section][vc_row][vc_column vc_col_md_size=&#8221;1\/12&#8243; vc_col_sm_size=&#8221;1\/12&#8243;][vc_column_text]\n\t\t<!-- MasterSlider -->\n\t\t<div id=\"P_MS69e41bff8d7c0\" class=\"master-slider-parent msl ms-parent-id-1\" style=\"\">\n\n\t\t\t\n\t\t\t<!-- MasterSlider Main -->\n\t\t\t<div id=\"MS69e41bff8d7c0\" class=\"master-slider ms-skin-light-3\" >\n\t\t\t\t \t\t\t\t \n\t\t\t\t<div  class=\"ms-slide\" data-delay=\"3\" data-fill-mode=\"fill\"  >\n\t\t\t\t\t<img decoding=\"async\" src=\"https:\/\/vocational-fund.org\/wp-content\/plugins\/master-slider\/public\/assets\/css\/blank.gif\" alt=\"\" title=\"\" data-src=\"https:\/\/vocational-fund.org\/wp-content\/uploads\/2023\/03\/FVS-BANNER-SEP-2022-20.png\" \/>\n\t<a href=\"https:\/\/www.facebook.com\/FondoVocacionalSalesiano\"     ><\/a>\n\n\n\t<div class=\"ms-thumb\" ><div class=\"ms-tab-context\"><div class=&quot;ms-tab-context&quot;><\/div><\/div>\n<\/div>\n\t\t\t\t<\/div>\n\t\t\t\t<div  class=\"ms-slide\" data-delay=\"3\" data-fill-mode=\"fill\"  >\n\t\t\t\t\t<img decoding=\"async\" src=\"https:\/\/vocational-fund.org\/wp-content\/plugins\/master-slider\/public\/assets\/css\/blank.gif\" alt=\"\" title=\"\" data-src=\"https:\/\/vocational-fund.org\/wp-content\/uploads\/2023\/03\/FVS-BANNER-SEP-2022-19.png\" \/>\n\t<a href=\"https:\/\/www.facebook.com\/FondoVocacionalSalesiano\"     ><\/a>\n\n\n\t<div class=\"ms-thumb\" ><div class=\"ms-tab-context\"><div class=&quot;ms-tab-context&quot;><\/div><\/div>\n<\/div>\n\t\t\t\t<\/div>\n\n\t\t\t<\/div>\n\t\t\t<!-- END MasterSlider Main -->\n\n\t\t\t \n\t\t<\/div>\n\t\t<!-- END MasterSlider -->\n\n\t\t<script>\n\t\t(function ( $ ) {\n\t\t\t\"use strict\";\n\n\t\t\t$(function () {\n\t\t\t\tvar masterslider_d7c0 = new MasterSlider();\n\n\t\t\t\t\/\/ slider controls\n\t\t\t\tmasterslider_d7c0.control('arrows'     ,{ autohide:false, overVideo:true  });\t\t\t\tmasterslider_d7c0.control('bullets'    ,{ autohide:true, overVideo:true, dir:'h', align:'bottom' , margin:10  });\n\n\t\t\t\tmasterslider_d7c0.control('circletimer',{ autohide:false, overVideo:true, color:'#434343', radius:10, stroke:3   });\n\t\t\t\tmasterslider_d7c0.control('timebar'    ,{ autohide:false, overVideo:true, align:'bottom', color:'#FFFFFF'  , width:4 });\n\t\t\t\t\/\/ slider setup\n\t\t\t\tmasterslider_d7c0.setup(\"MS69e41bff8d7c0\", {\n\t\t\t\t\t\twidth           : 1200,\n\t\t\t\t\t\theight          : 550,\n\t\t\t\t\t\tminHeight       : 0,\n\t\t\t\t\t\tspace           : 0,\n\t\t\t\t\t\tstart           : 1,\n\t\t\t\t\t\tgrabCursor      : true,\n\t\t\t\t\t\tswipe           : true,\n\t\t\t\t\t\tmouse           : true,\n\t\t\t\t\t\tlayout          : \"fullwidth\",\n\t\t\t\t\t\twheel           : false,\n\t\t\t\t\t\tautoplay        : true,\n\t\t\t\t\t\tinstantStartLayers:false,\n\t\t\t\t\t\tloop            : true,\n\t\t\t\t\t\tshuffle         : false,\n\t\t\t\t\t\tpreload         : 0,\n\t\t\t\t\t\theightLimit     : true,\n\t\t\t\t\t\tautoHeight      : true,\n\t\t\t\t\t\tsmoothHeight    : true,\n\t\t\t\t\t\tendPause        : false,\n\t\t\t\t\t\toverPause       : true,\n\t\t\t\t\t\tfillMode        : \"fill\",\n\t\t\t\t\t\tcenterControls  : true,\n\t\t\t\t\t\tstartOnAppear   : false,\n\t\t\t\t\t\tlayersMode      : \"center\",\n\t\t\t\t\t\thideLayers      : false,\n\t\t\t\t\t\tfullscreenMargin: 0,\n\t\t\t\t\t\tspeed           : 20,\n\t\t\t\t\t\tdir             : \"h\",\n\t\t\t\t\t\tparallaxMode    : 'swipe',\n\t\t\t\t\t\tview            : \"basic\"\n\t\t\t\t});\n\n\t\t\t\t\n\t\t\t\twindow.masterslider_instances = window.masterslider_instances || [];\n\t\t\t\twindow.masterslider_instances.push( masterslider_d7c0 );\n\t\t\t });\n\n\t\t})(jQuery);\n\t\t<\/script>\n\n[\/vc_column_text][vc_column_text]<div class='anc_6310_main_counter'><div class=\"anc-6310-row\">\r\n            <div class=\"anc-6310-col-3\">\r\n            <div class=\"anc-6310-counter-2\">\r\n                <div class=\"anc-6310-counter-2-top-container\" style=\"background-image: url('https:\/\/vocational-fund.org\/wp-content\/uploads\/2024\/01\/56dd3349-b24c-41f6-b886-50794ee0a41f.jpeg');\">\r\n                    <div class=\"anc-6310-counter-2-top-inner-wrap\">\r\n                        <div class=\"anc-6310-counter-2-count-title\">Sacerdotes<\/div>\r\n                    <\/div>\r\n                <\/div>\r\n                <div class=\"anc-6310-counter-2-bottom-container\">\r\n                    <div class=\"anc-6310-counter-2-count-content\">\r\n                        <div class=\"anc-6310-counter-2-count-content-inner\">\r\n                            <div \r\n                                class=\"anc-6310-counter-2-count-number anc-6310-counter-number\" \r\n                                id=\"anc-6310-2-3\" data-anc-6310-start=\"0\" \r\n                                data-anc-6310-end=\"713\" data-anc-6310-decimal=\"0\" \r\n                                data-anc-6310-duration=\".5\" \r\n                                data-anc-6310-thousands-separator=\",\">\r\n                                0\r\n                            <\/div>\r\n                        <\/div>\r\n                    <\/div>\r\n\r\n                    <div class=\"anc-6310-counter-2-count-subtitle\"><\/div>\r\n                <\/div>\r\n            <\/div>\r\n        <\/div>\r\n            <div class=\"anc-6310-col-3\">\r\n            <div class=\"anc-6310-counter-2\">\r\n                <div class=\"anc-6310-counter-2-top-container\" style=\"background-image: url('https:\/\/vocational-fund.org\/wp-content\/uploads\/2023\/11\/400009924_660766829498845_6769140233467337046_n.jpg');\">\r\n                    <div class=\"anc-6310-counter-2-top-inner-wrap\">\r\n                        <div class=\"anc-6310-counter-2-count-title\">Di\u00e1conos<\/div>\r\n                    <\/div>\r\n                <\/div>\r\n                <div class=\"anc-6310-counter-2-bottom-container\">\r\n                    <div class=\"anc-6310-counter-2-count-content\">\r\n                        <div class=\"anc-6310-counter-2-count-content-inner\">\r\n                            <div \r\n                                class=\"anc-6310-counter-2-count-number anc-6310-counter-number\" \r\n                                id=\"anc-6310-2-2\" data-anc-6310-start=\"0\" \r\n                                data-anc-6310-end=\"9\" data-anc-6310-decimal=\"0\" \r\n                                data-anc-6310-duration=\".5\" \r\n                                data-anc-6310-thousands-separator=\",\">\r\n                                0\r\n                            <\/div>\r\n                        <\/div>\r\n                    <\/div>\r\n\r\n                    <div class=\"anc-6310-counter-2-count-subtitle\"><\/div>\r\n                <\/div>\r\n            <\/div>\r\n        <\/div>\r\n            <div class=\"anc-6310-col-3\">\r\n            <div class=\"anc-6310-counter-2\">\r\n                <div class=\"anc-6310-counter-2-top-container\" style=\"background-image: url('https:\/\/vocational-fund.org\/wp-content\/uploads\/2023\/11\/405015100_849474090515434_2116769972957563830_n.jpg');\">\r\n                    <div class=\"anc-6310-counter-2-top-inner-wrap\">\r\n                        <div class=\"anc-6310-counter-2-count-title\">Seminaristas<\/div>\r\n                    <\/div>\r\n                <\/div>\r\n                <div class=\"anc-6310-counter-2-bottom-container\">\r\n                    <div class=\"anc-6310-counter-2-count-content\">\r\n                        <div class=\"anc-6310-counter-2-count-content-inner\">\r\n                            <div \r\n                                class=\"anc-6310-counter-2-count-number anc-6310-counter-number\" \r\n                                id=\"anc-6310-2-1\" data-anc-6310-start=\"0\" \r\n                                data-anc-6310-end=\"58\" data-anc-6310-decimal=\"0\" \r\n                                data-anc-6310-duration=\".5\" \r\n                                data-anc-6310-thousands-separator=\",\">\r\n                                0\r\n                            <\/div>\r\n                        <\/div>\r\n                    <\/div>\r\n\r\n                    <div class=\"anc-6310-counter-2-count-subtitle\"><\/div>\r\n                <\/div>\r\n            <\/div>\r\n        <\/div>\r\n    <\/div>\r\n\r\n<\/div>[\/vc_column_text][\/vc_column][\/vc_row][\/vc_section][vc_section css=&#8221;.vc_custom_1679348070874{background-position: 0 0 !important;background-repeat: repeat !important;}&#8221;][vc_row][vc_column][dity_bordered_heading type=&#8221;h2&#8243; title=&#8221;&#8216;APADRINA la formaci\u00f3n de un j\u00f3ven seminarista'&#8221; subtitle=&#8221;\u00a1Elige a tu futuro sacerdote!&#8221; css_animation=&#8221;fadeIn&#8221;][vc_row_inner][vc_column_inner width=&#8221;1\/3&#8243;][dity_vcard image=&#8221;2824&#8243; css=&#8221;.vc_custom_1744404307269{padding-top: 20px !important;padding-right: 60px !important;padding-bottom: 10px !important;padding-left: 60px !important;}&#8221;][dity_bordered_heading type=&#8221;h4&#8243; title=&#8221;Vicente Mario Jim\u00e9nez&#8221; subtitle=&#8221;Tirocinante Salesiano&#8221; css_animation=&#8221;fadeIn&#8221;][vc_empty_space height=&#8221;10px&#8221;][dity_button text=&#8221;APADRINA&#8221; link=&#8221;url:https%3A%2F%2Fvocational-fund.org%2F%3Fpage_id%3D622&#8243;][\/dity_vcard][\/vc_column_inner][vc_column_inner width=&#8221;1\/3&#8243;][dity_vcard image=&#8221;1790&#8243; css=&#8221;.vc_custom_1724857458362{padding-top: 20px !important;padding-right: 60px !important;padding-bottom: 10px !important;padding-left: 60px !important;}&#8221;][dity_bordered_heading type=&#8221;h4&#8243; title=&#8221;Emmanuel Fern\u00e1ndez&#8221; subtitle=&#8221;Posnovicio Salesiano&#8221; css_animation=&#8221;fadeIn&#8221;][vc_empty_space height=&#8221;10px&#8221;][dity_button text=&#8221;APADRINA&#8221; link=&#8221;url:https%3A%2F%2Fvocational-fund.org%2F%3Fpage_id%3D622&#8243;][\/dity_vcard][\/vc_column_inner][vc_column_inner width=&#8221;1\/3&#8243;][dity_vcard image=&#8221;1799&#8243; css=&#8221;.vc_custom_1724857557908{padding-top: 20px !important;padding-right: 60px !important;padding-bottom: 10px !important;padding-left: 60px !important;}&#8221;][dity_bordered_heading type=&#8221;h4&#8243; title=&#8221;Andr\u00e9s Daniel Jardim&#8221; subtitle=&#8221;Tirocinante Salesiano&#8221; css_animation=&#8221;fadeIn&#8221;][vc_empty_space height=&#8221;10px&#8221;][dity_button text=&#8221;APADRINA&#8221; link=&#8221;url:https%3A%2F%2Fvocational-fund.org%2F%3Fpage_id%3D622&#8243;][\/dity_vcard][\/vc_column_inner][\/vc_row_inner][\/vc_column][\/vc_row][\/vc_section][vc_section use_image_background=&#8221;yes&#8221; background_size_xs=&#8221;section-bg-image-size-xs-cover&#8221; background_size_md=&#8221;section-bg-image-size-md-cover&#8221; background_attachment=&#8221;section-bg-image-attachment-fix&#8221; background_opacity=&#8221;1&#8243; background_parallax=&#8221;section-bg-image-paralax&#8221; css=&#8221;.vc_custom_1662486062294{background-color: #dbd09d !important;}&#8221;][vc_row][vc_column][vc_separator color=&#8221;white&#8221;][dity_bordered_heading title=&#8221;\u00daltimas noticias&#8221; subtitle=&#8221;&#8221;][vc_basic_grid post_type=&#8221;post&#8221; max_items=&#8221;15&#8243; style=&#8221;pagination&#8221; items_per_page=&#8221;3&#8243; arrows_design=&#8221;vc_arrow-icon-arrow_07_left&#8221; arrows_position=&#8221;outside&#8221; arrows_color=&#8221;green&#8221; paging_design=&#8221;pagination_rounded&#8221; loop=&#8221;yes&#8221; item=&#8221;basicGrid_SlideFromLeft&#8221; grid_id=&#8221;vc_gid:1744404320644-62720835-5c5b-10&#8243; taxonomies=&#8221;127&#8243;][\/vc_column][\/vc_row][\/vc_section][vc_section use_image_background=&#8221;yes&#8221; background_size_xs=&#8221;section-bg-image-size-xs-cover&#8221; background_size_md=&#8221;section-bg-image-size-md-cover&#8221; background_attachment=&#8221;section-bg-image-attachment-fix&#8221; background_opacity=&#8221;1&#8243; background_parallax=&#8221;section-bg-image-paralax&#8221; css=&#8221;.vc_custom_1663102652928{background-color: #ffffff !important;}&#8221;][vc_row css=&#8221;.vc_custom_1481891226415{padding-top: 90px !important;padding-bottom: 90px !important;}&#8221;][vc_column][dity_bordered_heading type=&#8221;h2&#8243; title=&#8221;Pr\u00f3ximas ordenaciones&#8221; subtitle=&#8221;&#8221;]    <div class=\" \">\n            <\/div>\n[\/vc_column][\/vc_row][\/vc_section][vc_section content_width=&#8221;container-fullwidth&#8221; use_image_background=&#8221;yes&#8221; background_position=&#8221;section-bg-image-position-xs-bottom&#8221; background_opacity=&#8221;0.4&#8243; background_parallax=&#8221;section-bg-image-paralax&#8221; background_image=&#8221;877&#8243; css=&#8221;.vc_custom_1663102869916{background-color: #000000 !important;}&#8221;][vc_row css=&#8221;.vc_custom_1481891012216{padding-top: 150px !important;padding-bottom: 150px !important;}&#8221;][vc_column width=&#8221;1\/6&#8243;][\/vc_column][vc_column width=&#8221;2\/3&#8243; offset=&#8221;vc_col-lg-8 vc_col-md-12 vc_col-xs-12&#8243;][vc_custom_heading text=&#8221;\u00a1Vive la alegr\u00eda de tener un Sacerdote Salesiano en tu familia!&#8221; font_container=&#8221;tag:h2|text_align:center|color:%23ffffff&#8221; use_theme_fonts=&#8221;yes&#8221; css_animation=&#8221;fadeIn&#8221; css=&#8221;.vc_custom_1663103020232{margin-bottom: 40px !important;}&#8221;][vc_custom_heading text=&#8221;Queremos que en t\u00fa familia, haya la alegr\u00eda de orar, apoyar con financiamiento, y acompa\u00f1ar la formaci\u00f3n religiosa y acad\u00e9mica de nuestros SEMINARISTAS que sienten el llamado de Cristo en sus corazones para seguirlo y difundir su palabra al estilo de San Juan Bosco; en diversos pa\u00edses de Am\u00e9rica Latina, especialmente entre la ni\u00f1ez y juventud m\u00e1s vulnerable.&#8221; font_container=&#8221;tag:h4|font_size:20|text_align:justify|color:%23ffffff&#8221; use_theme_fonts=&#8221;yes&#8221; css_animation=&#8221;fadeIn&#8221; css=&#8221;.vc_custom_1663102738580{margin-top: 20px !important;margin-bottom: 20px !important;}&#8221;][vc_row_inner][vc_column_inner horizontal_align=&#8221;text-xs-center&#8221; css=&#8221;.vc_custom_1608150051045{margin-top: 20px !important;margin-bottom: 20px !important;}&#8221;][dity_button size=&#8221;lg&#8221; text=&#8221;- A P A D R I N A -&#8221; link=&#8221;url:https%3A%2F%2Fvocational-fund.org%2F%3Fpage_id%3D622|title:Apadrina|target:_blank&#8221;][\/vc_column_inner][\/vc_row_inner][\/vc_column][vc_column width=&#8221;1\/6&#8243;][\/vc_column][\/vc_row][\/vc_section]<\/p>\n","protected":false},"excerpt":{"rendered":"<p>[vc_row][vc_column][vc_column_text][\/vc_column_text][\/vc_column][\/vc_row][vc_section][vc_row][vc_column vc_col_md_size=&#8221;1\/12&#8243; vc_col_sm_size=&#8221;1\/12&#8243;][vc_column_text][\/vc_column_text][vc_column_text][\/vc_column_text][\/vc_column][\/vc_row][\/vc_section][vc_section css=&#8221;.vc_custom_1679348070874{background-position: 0 0 !important;background-repeat: repeat !important;}&#8221;][vc_row][vc_column][dity_bordered_heading type=&#8221;h2&#8243; title=&#8221;&#8216;APADRINA la formaci\u00f3n de un j\u00f3ven seminarista&#8217;&#8221; subtitle=&#8221;\u00a1Elige a tu futuro sacerdote!&#8221; css_animation=&#8221;fadeIn&#8221;][vc_row_inner][vc_column_inner width=&#8221;1\/3&#8243;][dity_vcard image=&#8221;2824&#8243; css=&#8221;.vc_custom_1744404307269{padding-top: 20px !important;padding-right: 60px !important;padding-bottom: [&hellip;]<\/p>\n","protected":false},"author":1,"featured_media":0,"parent":0,"menu_order":0,"comment_status":"closed","ping_status":"closed","template":"","meta":{"sfsi_plus_gutenberg_text_before_share":"","sfsi_plus_gutenberg_show_text_before_share":"","sfsi_plus_gutenberg_icon_type":"","sfsi_plus_gutenberg_icon_alignemt":"","sfsi_plus_gutenburg_max_per_row":"","footnotes":""},"_links":{"self":[{"href":"https:\/\/vocational-fund.org\/index.php?rest_route=\/wp\/v2\/pages\/305"}],"collection":[{"href":"https:\/\/vocational-fund.org\/index.php?rest_route=\/wp\/v2\/pages"}],"about":[{"href":"https:\/\/vocational-fund.org\/index.php?rest_route=\/wp\/v2\/types\/page"}],"author":[{"embeddable":true,"href":"https:\/\/vocational-fund.org\/index.php?rest_route=\/wp\/v2\/users\/1"}],"replies":[{"embeddable":true,"href":"https:\/\/vocational-fund.org\/index.php?rest_route=%2Fwp%2Fv2%2Fcomments&post=305"}],"version-history":[{"count":118,"href":"https:\/\/vocational-fund.org\/index.php?rest_route=\/wp\/v2\/pages\/305\/revisions"}],"predecessor-version":[{"id":2826,"href":"https:\/\/vocational-fund.org\/index.php?rest_route=\/wp\/v2\/pages\/305\/revisions\/2826"}],"wp:attachment":[{"href":"https:\/\/vocational-fund.org\/index.php?rest_route=%2Fwp%2Fv2%2Fmedia&parent=305"}],"curies":[{"name":"wp","href":"https:\/\/api.w.org\/{rel}","templated":true}]}}