{"id":622,"date":"2020-12-18T16:53:29","date_gmt":"2020-12-18T16:53:29","guid":{"rendered":"http:\/\/54.221.244.85\/?page_id=622"},"modified":"2025-04-11T20:51:16","modified_gmt":"2025-04-11T20:51:16","slug":"apadrina","status":"publish","type":"page","link":"https:\/\/vocational-fund.org\/?page_id=622","title":{"rendered":"Apadrina"},"content":{"rendered":"<p>[vc_section css=&#8221;.vc_custom_1647976587975{background-image: url(http:\/\/54.221.244.85\/wp-content\/uploads\/2020\/12\/pattern.jpg?id=201) !important;background-position: 0 0 !important;background-repeat: repeat !important;}&#8221;][vc_row][vc_column][vc_empty_space height=&#8221;50px&#8221;][dity_bordered_heading title=&#8221;Queridos amigos,&#8221; subtitle=&#8221;\u00a1\ud835\uddd8\ud835\uddf9 \ud835\uddfa\ud835\ude02\ud835\uddfb\ud835\uddf1\ud835\uddfc \ud835\uddfb\ud835\uddf2\ud835\uddf0\ud835\uddf2\ud835\ude00\ud835\uddf6\ud835\ude01\ud835\uddee \ud835\udde6\ud835\uddd4\ud835\uddd6\ud835\uddd8\ud835\udde5\ud835\uddd7\ud835\udde2\ud835\udde7\ud835\uddd8\ud835\udde6!&#8221;][vc_column_text]Queremos que en t\u00fa familia, haya la alegr\u00eda de <strong>orar, apoyar con financiamiento, y acompa\u00f1ar la formaci\u00f3n sacerdotal y acad\u00e9mica de nuestros seminaristas<\/strong> que sienten el llamado de Cristo en sus corazones para seguirlo y difundir su palabra al estilo de San Juan Bosco entre los m\u00e1s vulnerables; en diversos pa\u00edses de Am\u00e9rica Latina.<\/p>\n<p>No es f\u00e1cil seguir el camino del <strong>Sacerdocio<\/strong><strong>.<\/strong> Todos necesitan de cuando en cuando, una voz de aliento fraterna que los anime, para cumplir con amor y dedicaci\u00f3n los encargos pastorales, sus obediencias, sus estudios; alguien en quien confiar ante las dificultades que pueden aparecer en su camino, que los acompa\u00f1e y los cuide; y por supuesto, lo m\u00e1s importante, que lo mantenga en su oraci\u00f3n diaria y su apoyo.<\/p>\n<p>Tu contribuci\u00f3n permite a nuestros &#8216;j\u00f3venes salesianos&#8217; fortalecer su vocaci\u00f3n y trabajar por la misi\u00f3n de la iglesia en todo el mundo siendo: <em>profesores de catequesis, educadores, trabajadores sociales, psic\u00f3logos y m\u00e1s.<\/em><\/p>\n<p>An\u00edmate y convi\u00e9rtete en el <strong>#PadrinoSalesiano<\/strong> o la <strong>#MadrinaSalesiana <\/strong>de un joven mediante la donaci\u00f3n de una peque\u00f1a cantidad de dinero <strong>VOLUNTARIA<\/strong> cada mes o como gustes <strong> sum\u00e1ndote a nuestra campa\u00f1a vocacional &#8216;El mundo necesita sacerdotes&#8217;<\/strong>.<\/p>\n<p>Con tu ayuda y la de &#8220;varias familias&#8221;, se logra completar la formaci\u00f3n que comprende 12 a\u00f1os de estudios, duro trabajo y dedicaci\u00f3n.<\/p>\n<p>Con t\u00fa aporte puedes enviarles cartas de \u00e1nimo, conocerlos, recibir fotograf\u00edas; ellos contestar\u00e1n tus mensajes y te tendr\u00e1n presentes en sus oraciones o eucarist\u00edas diarias.<\/p>\n<p><em><strong>A continuaci\u00f3n elige a tu futuro &#8216;Sacerdote Salesiano&#8217;, el mundo necesita de m\u00e1s hombres comprometidos y fieles.<\/strong><\/em>[\/vc_column_text][\/vc_column][\/vc_row][vc_row][vc_column width=&#8221;1\/3&#8243;][dity_vcard image=&#8221;1785&#8243; css=&#8221;.vc_custom_1680728304036{padding-top: 30px !important;padding-right: 30px !important;padding-bottom: 30px !important;padding-left: 30px !important;}&#8221;][dity_bordered_heading type=&#8221;h3&#8243; title=&#8221;Gabriel Linares Macuribana&#8221; subtitle=&#8221;Posnovicio Salesiano&#8221; css_animation=&#8221;fadeIn&#8221;][vc_column_text]<strong>A\u00f1o actual de formaci\u00f3n:<\/strong><br \/>\n2do. a\u00f1o de Filosof\u00eda<\/p>\n<p><strong>Ciudad de nacimiento:<\/strong><br \/>\nPuerto Ayacucho &#8211; Venezuela<\/p>\n<p><strong>Casa Salesiana a la que pertenece:<\/strong><br \/>\nPosnoviciado &#8216;San Domingo Savio&#8217; &#8211; Venezuela[\/vc_column_text][vc_row_inner][vc_column_inner horizontal_align=&#8221;text-xs-center&#8221;][dity_button size=&#8221;lg&#8221; text=&#8221;Apadrinar&#8221; link=&#8221;url:https%3A%2F%2Fvocational-fund.org%2F%3Fpage_id%3D653%26preview_id%3DGabriel%20Linares%20Macuribana|target:_blank&#8221;][\/vc_column_inner][\/vc_row_inner][\/dity_vcard][\/vc_column][vc_column width=&#8221;1\/3&#8243;][dity_vcard image=&#8221;2674&#8243; css=&#8221;.vc_custom_1731013150717{padding-top: 30px !important;padding-right: 30px !important;padding-bottom: 30px !important;padding-left: 30px !important;}&#8221;][dity_bordered_heading type=&#8221;h3&#8243; title=&#8221;Juan Javier Balmaceda&#8221; subtitle=&#8221;Posnovicio Salesiano&#8221; css_animation=&#8221;fadeIn&#8221;][vc_column_text]<strong>A\u00f1o actual de formaci\u00f3n:<\/strong><br \/>\n3er. a\u00f1o de Filosofia.<\/p>\n<p><strong>Ciudad y pa\u00eds de nacimiento:<\/strong><br \/>\nCorrientes, Argentina<\/p>\n<p><strong>Casa Salesiana a la que pertenece:<br \/>\n<\/strong>Posnoviciado Salesiano &#8220;Beato Miguel R\u00faa&#8221;- Argentina[\/vc_column_text][vc_row_inner][vc_column_inner horizontal_align=&#8221;text-xs-center&#8221;][dity_button size=&#8221;lg&#8221; text=&#8221;Apadrinar&#8221; link=&#8221;url:https%3A%2F%2Fvocational-fund.org%2F%3Fpage_id%3D653%26preview_id%3DJuan%20Javier%20Balmaceda|target:_blank&#8221;][\/vc_column_inner][\/vc_row_inner][\/dity_vcard][\/vc_column][vc_column width=&#8221;1\/3&#8243;][dity_vcard image=&#8221;1790&#8243; css=&#8221;.vc_custom_1680729894116{padding-top: 30px !important;padding-right: 30px !important;padding-bottom: 30px !important;padding-left: 30px !important;}&#8221;][dity_bordered_heading type=&#8221;h3&#8243; title=&#8221;Emmanuel Fern\u00e1ndez&#8221; subtitle=&#8221;Posnovicio Salesiano&#8221; css_animation=&#8221;fadeIn&#8221;][vc_column_text]<strong>A\u00f1o actual de formaci\u00f3n:<br \/>\n<\/strong>1er. A\u00f1o de Tirocinio<\/p>\n<p><strong>Ciudad de nacimiento:<\/strong><br \/>\nFormosa, Argentina<\/p>\n<p><strong>Casa Salesiana a la que pertenece:<\/strong><br \/>\nSan Giovanni Bosco \u2013 Argentina Norte[\/vc_column_text][vc_row_inner][vc_column_inner horizontal_align=&#8221;text-xs-center&#8221;][dity_button size=&#8221;lg&#8221; text=&#8221;Apadrinar&#8221; link=&#8221;url:https%3A%2F%2Fvocational-fund.org%2F%3Fpage_id%3D653%26preview_id%3DEmmanuel%20Fern%C3%A1ndez|target:_blank&#8221;][\/vc_column_inner][\/vc_row_inner][\/dity_vcard][\/vc_column][\/vc_row][vc_row][vc_column width=&#8221;1\/3&#8243;][dity_vcard image=&#8221;2824&#8243; css=&#8221;.vc_custom_1744404375574{padding-top: 30px !important;padding-right: 30px !important;padding-bottom: 30px !important;padding-left: 30px !important;}&#8221;][dity_bordered_heading type=&#8221;h3&#8243; title=&#8221;Vicente Mario Jim\u00e9nez&#8221; subtitle=&#8221;Salesiano&#8221; css_animation=&#8221;fadeIn&#8221;][vc_column_text]<strong>A\u00f1o actual de formaci\u00f3n:<\/strong><br \/>\n<span style=\"font-size: 1rem;\">1er. a\u00f1o de Magisterio<\/span><\/p>\n<p><strong>Ciudad de nacimiento:<\/strong><br \/>\n<span style=\"font-size: 1rem;\">Guayaquil, Ecuador<\/span><\/p>\n<p><strong>Casa Salesiana a la que pertenece:<\/strong><br \/>\nInspector\u00eda Salesiana &#8216;Sagrado Coraz\u00f3n de Jes\u00fas'[\/vc_column_text][vc_row_inner][vc_column_inner horizontal_align=&#8221;text-xs-center&#8221;][dity_button size=&#8221;lg&#8221; text=&#8221;Apadrinar&#8221; link=&#8221;url:https%3A%2F%2Fvocational-fund.org%2F%3Fpage_id%3D653%26preview_id%3DVicente%20Mario%20Jim%C3%A9nez%20Solano|target:_blank&#8221;][\/vc_column_inner][\/vc_row_inner][\/dity_vcard][\/vc_column][vc_column width=&#8221;1\/3&#8243;][dity_vcard image=&#8221;1797&#8243; css=&#8221;.vc_custom_1681501754898{padding-top: 30px !important;padding-right: 30px !important;padding-bottom: 30px !important;padding-left: 30px !important;}&#8221;][dity_bordered_heading type=&#8221;h3&#8243; title=&#8221;Yoanni Jos\u00e9 Graterol&#8221; subtitle=&#8221;Salesiano&#8221; css_animation=&#8221;fadeIn&#8221;][vc_column_text]<strong>A\u00f1o actual de formaci\u00f3n:<br \/>\n<\/strong>1ero. de Teolog\u00eda<\/p>\n<p><strong>Ciudad de nacimiento:<\/strong><br \/>\nValencia, Venezuela<\/p>\n<p><strong>Casa Salesiana a la que pertenece:<\/strong><br \/>\nInspectoria Salesiana &#8216;San Lucas&#8217; &#8211; Estudiantado Teol\u00f3gico \u201cMacaracuay\u201d[\/vc_column_text][vc_row_inner][vc_column_inner horizontal_align=&#8221;text-xs-center&#8221;][dity_button size=&#8221;lg&#8221; text=&#8221;Apadrinar&#8221; link=&#8221;url:https%3A%2F%2Fvocational-fund.org%2F%3Fpage_id%3D653%26preview_id%3DYoanni%20Jos%C3%A9%20Graterol|target:_blank&#8221;][\/vc_column_inner][\/vc_row_inner][\/dity_vcard][\/vc_column][vc_column width=&#8221;1\/3&#8243;][dity_vcard image=&#8221;1799&#8243; css=&#8221;.vc_custom_1681501976800{padding-top: 30px !important;padding-right: 30px !important;padding-bottom: 30px !important;padding-left: 30px !important;}&#8221;][dity_bordered_heading type=&#8221;h3&#8243; title=&#8221;Andr\u00e9s Daniel Jardim&#8221; subtitle=&#8221;Salesiano&#8221; css_animation=&#8221;fadeIn&#8221;][vc_column_text]<strong>A\u00f1o actual de formaci\u00f3n:<\/strong><br \/>\n2do. a\u00f1o de Tirocinio<\/p>\n<p><strong>Ciudad de nacimiento:<\/strong><br \/>\nPetare, Venezuela<\/p>\n<p><strong>Casa Salesiana a la que pertenece:<\/strong><br \/>\nInspector\u00eda Salesiana &#8216;San Lucas&#8217; &#8211; Estudiantado Teol\u00f3gico \u201cMacaracuay\u201d[\/vc_column_text][vc_row_inner][vc_column_inner horizontal_align=&#8221;text-xs-center&#8221;][dity_button size=&#8221;lg&#8221; text=&#8221;Apadrinar&#8221; link=&#8221;url:https%3A%2F%2Fvocational-fund.org%2F%3Fpage_id%3D653%26preview_id%3DAndr%C3%A9s%20Daniel%20Jardim|target:_blank&#8221;][\/vc_column_inner][\/vc_row_inner][\/dity_vcard][\/vc_column][\/vc_row][\/vc_section]<\/p>\n","protected":false},"excerpt":{"rendered":"<p>[vc_section css=&#8221;.vc_custom_1647976587975{background-image: url(http:\/\/54.221.244.85\/wp-content\/uploads\/2020\/12\/pattern.jpg?id=201) !important;background-position: 0 0 !important;background-repeat: repeat !important;}&#8221;][vc_row][vc_column][vc_empty_space height=&#8221;50px&#8221;][dity_bordered_heading title=&#8221;Queridos amigos,&#8221; subtitle=&#8221;\u00a1\ud835\uddd8\ud835\uddf9 \ud835\uddfa\ud835\ude02\ud835\uddfb\ud835\uddf1\ud835\uddfc \ud835\uddfb\ud835\uddf2\ud835\uddf0\ud835\uddf2\ud835\ude00\ud835\uddf6\ud835\ude01\ud835\uddee \ud835\udde6\ud835\uddd4\ud835\uddd6\ud835\uddd8\ud835\udde5\ud835\uddd7\ud835\udde2\ud835\udde7\ud835\uddd8\ud835\udde6!&#8221;][vc_column_text]Queremos que en t\u00fa familia, haya la alegr\u00eda de orar, apoyar con financiamiento, y acompa\u00f1ar [&hellip;]<\/p>\n","protected":false},"author":1,"featured_media":0,"parent":0,"menu_order":0,"comment_status":"closed","ping_status":"closed","template":"","meta":{"sfsi_plus_gutenberg_text_before_share":"","sfsi_plus_gutenberg_show_text_before_share":"","sfsi_plus_gutenberg_icon_type":"","sfsi_plus_gutenberg_icon_alignemt":"","sfsi_plus_gutenburg_max_per_row":"","footnotes":""},"_links":{"self":[{"href":"https:\/\/vocational-fund.org\/index.php?rest_route=\/wp\/v2\/pages\/622"}],"collection":[{"href":"https:\/\/vocational-fund.org\/index.php?rest_route=\/wp\/v2\/pages"}],"about":[{"href":"https:\/\/vocational-fund.org\/index.php?rest_route=\/wp\/v2\/types\/page"}],"author":[{"embeddable":true,"href":"https:\/\/vocational-fund.org\/index.php?rest_route=\/wp\/v2\/users\/1"}],"replies":[{"embeddable":true,"href":"https:\/\/vocational-fund.org\/index.php?rest_route=%2Fwp%2Fv2%2Fcomments&post=622"}],"version-history":[{"count":77,"href":"https:\/\/vocational-fund.org\/index.php?rest_route=\/wp\/v2\/pages\/622\/revisions"}],"predecessor-version":[{"id":2829,"href":"https:\/\/vocational-fund.org\/index.php?rest_route=\/wp\/v2\/pages\/622\/revisions\/2829"}],"wp:attachment":[{"href":"https:\/\/vocational-fund.org\/index.php?rest_route=%2Fwp%2Fv2%2Fmedia&parent=622"}],"curies":[{"name":"wp","href":"https:\/\/api.w.org\/{rel}","templated":true}]}}