{"id":653,"date":"2020-12-22T14:18:57","date_gmt":"2020-12-22T14:18:57","guid":{"rendered":"http:\/\/54.221.244.85\/?page_id=653"},"modified":"2024-05-31T20:35:09","modified_gmt":"2024-05-31T20:35:09","slug":"653-2","status":"publish","type":"page","link":"https:\/\/vocational-fund.org\/?page_id=653","title":{"rendered":"apadrinar"},"content":{"rendered":"<p>[vc_section][vc_row][vc_column][vc_empty_space height=&#8221;50px&#8221;][dity_bordered_heading title=&#8221;Formulario de apadrinamiento&#8221; subtitle=&#8221;&#8221; css_animation=&#8221;fadeIn&#8221;]\n<div class=\"wpcf7 no-js\" id=\"wpcf7-f658-o1\" lang=\"es-ES\" dir=\"ltr\">\n<div class=\"screen-reader-response\"><p role=\"status\" aria-live=\"polite\" aria-atomic=\"true\"><\/p> <ul><\/ul><\/div>\n<form action=\"\/index.php?rest_route=%2Fwp%2Fv2%2Fpages%2F653#wpcf7-f658-o1\" method=\"post\" class=\"wpcf7-form init\" aria-label=\"Formulario de contacto\" novalidate=\"novalidate\" data-status=\"init\">\n<div style=\"display: none;\">\n<input type=\"hidden\" name=\"_wpcf7\" value=\"658\" \/>\n<input type=\"hidden\" name=\"_wpcf7_version\" value=\"5.9.6\" \/>\n<input type=\"hidden\" name=\"_wpcf7_locale\" value=\"es_ES\" \/>\n<input type=\"hidden\" name=\"_wpcf7_unit_tag\" value=\"wpcf7-f658-o1\" \/>\n<input type=\"hidden\" name=\"_wpcf7_container_post\" value=\"0\" \/>\n<input type=\"hidden\" name=\"_wpcf7_posted_data_hash\" value=\"\" \/>\n<input type=\"hidden\" name=\"_wpcf7cf_hidden_group_fields\" value=\"[]\" \/>\n<input type=\"hidden\" name=\"_wpcf7cf_hidden_groups\" value=\"[]\" \/>\n<input type=\"hidden\" name=\"_wpcf7cf_visible_groups\" value=\"[]\" \/>\n<input type=\"hidden\" name=\"_wpcf7cf_repeaters\" value=\"[]\" \/>\n<input type=\"hidden\" name=\"_wpcf7cf_steps\" value=\"{}\" \/>\n<input type=\"hidden\" name=\"_wpcf7cf_options\" value=\"{&quot;form_id&quot;:658,&quot;conditions&quot;:[{&quot;then_field&quot;:&quot;recepcion&quot;,&quot;and_rules&quot;:[{&quot;if_field&quot;:&quot;recibe&quot;,&quot;operator&quot;:&quot;equals&quot;,&quot;if_value&quot;:&quot;Si&quot;}]},{&quot;then_field&quot;:&quot;medio&quot;,&quot;and_rules&quot;:[{&quot;if_field&quot;:&quot;info&quot;,&quot;operator&quot;:&quot;equals&quot;,&quot;if_value&quot;:&quot;Otros&quot;}]}],&quot;settings&quot;:{&quot;animation&quot;:&quot;yes&quot;,&quot;animation_intime&quot;:200,&quot;animation_outtime&quot;:200,&quot;conditions_ui&quot;:&quot;normal&quot;,&quot;notice_dismissed&quot;:true,&quot;notice_dismissed_update-cf7-5.5.2&quot;:true,&quot;notice_dismissed_rollback-cf7-5.9.5&quot;:true}}\" \/>\n<input type=\"hidden\" name=\"_wpcf7_recaptcha_response\" value=\"\" \/>\n<\/div>\n<div class=\"row text-xs-center\">\n\t<div class=\"col-md-12\">\n\t\t<p><label style=\"width: 100%; text-align: initial; font-size: 22px;\">Seminarista apadrinado<\/label><br \/>\n<span class=\"wpcf7-form-control-wrap seminarista\" data-name=\"seminarista\"><input type=\"text\" name=\"seminarista\" id=\"\" class=\"wpcf7-form-control wpcf7-text wpcf7dtx wpcf7dtx-text form-control dvt-shadow-2 dvt-shadow-focus-4 dvt-transition m-b-2\" aria-invalid=\"false\" value=\"\" \/><\/span>\n\t\t<\/p>\n\t<\/div>\n\t<div class=\"col-md-6\">\n\t\t<p><label style=\"width: 100%; text-align: initial; font-size: 22px;\">Informaci\u00f3n del Padrino\/Madrina<\/label><br \/>\n<span class=\"wpcf7-form-control-wrap\" data-name=\"nombre\"><input size=\"40\" maxlength=\"80\" class=\"wpcf7-form-control wpcf7-text form-control dvt-shadow-2 dvt-shadow-focus-4 dvt-transition m-b-2\" aria-invalid=\"false\" placeholder=\"Nombres y apellidos\" value=\"\" type=\"text\" name=\"nombre\" \/><\/span>\n\t\t<\/p>\n\t<\/div>\n\t<div class=\"col-md-6\">\n\t\t<p><label style=\"width: 100%; text-align: initial; font-size: 22px;\">&nbsp;<\/label><br \/>\n<span class=\"wpcf7-form-control-wrap\" data-name=\"Pais\"><input size=\"40\" maxlength=\"80\" class=\"wpcf7-form-control wpcf7-text form-control dvt-shadow-2 dvt-shadow-focus-4 dvt-transition m-b-2\" aria-invalid=\"false\" placeholder=\"Pais\" value=\"\" type=\"text\" name=\"Pais\" \/><\/span>\n\t\t<\/p>\n\t<\/div>\n\t<div class=\"col-md-6\">\n\t\t<p><span class=\"wpcf7-form-control-wrap\" data-name=\"email\"><input size=\"40\" maxlength=\"80\" class=\"wpcf7-form-control wpcf7-email wpcf7-text wpcf7-validates-as-email form-control dvt-shadow-2 dvt-shadow-focus-4 dvt-transition m-b-2\" aria-invalid=\"false\" placeholder=\"Correo electr\u00f3nico\" value=\"\" type=\"email\" name=\"email\" \/><\/span>\n\t\t<\/p>\n\t<\/div>\n\t<div class=\"col-md-6\">\n\t\t<p><span class=\"wpcf7-form-control-wrap\" data-name=\"Nmerodecontacto\"><input size=\"40\" maxlength=\"80\" class=\"wpcf7-form-control wpcf7-tel wpcf7-validates-as-required wpcf7-text wpcf7-validates-as-tel form-control dvt-shadow-2 dvt-shadow-focus-4 dvt-transition m-b-2\" aria-required=\"true\" aria-invalid=\"false\" placeholder=\"N\u00famero de contacto (convencional\/m\u00f3vil)\" value=\"\" type=\"tel\" name=\"Nmerodecontacto\" \/><\/span>\n\t\t<\/p>\n\t<\/div>\n\t<div class=\"col-md-6\">\n\t\t<p><label style=\"width: 100%; text-align: initial; font-size: 22px;\">Tipo de contribuci\u00f3n<\/label><br \/>\n<span class=\"wpcf7-form-control-wrap\" data-name=\"Tipocontribucion\"><select class=\"wpcf7-form-control wpcf7-select wpcf7-validates-as-required form-control dvt-shadow-2 dvt-shadow-focus-4 dvt-transition m-b-2\" aria-required=\"true\" aria-invalid=\"false\" name=\"Tipocontribucion\"><option value=\"-- Seleccione --\">-- Seleccione --<\/option><option value=\"Mensual\">Mensual<\/option><option value=\"Trimestral\">Trimestral<\/option><option value=\"Semestral\">Semestral<\/option><option value=\"Anual\">Anual<\/option><\/select><\/span>\n\t\t<\/p>\n\t<\/div>\n\t<div class=\"col-md-6\">\n\t\t<p><label style=\"width: 100%; text-align: initial; font-size: 22px;\">Tipo de Moneda<\/label><br \/>\n<span class=\"wpcf7-form-control-wrap\" data-name=\"tipomoneda\"><select class=\"wpcf7-form-control wpcf7-select wpcf7-validates-as-required form-control dvt-shadow-2 dvt-shadow-focus-4 dvt-transition m-b-2\" aria-required=\"true\" aria-invalid=\"false\" name=\"tipomoneda\"><option value=\"-- Seleccione --\">-- Seleccione --<\/option><option value=\"D\u00f3lar\">D\u00f3lar<\/option><option value=\"Euro\">Euro<\/option><option value=\"Libra\">Libra<\/option><\/select><\/span>\n\t\t<\/p>\n\t<\/div>\n\t<div class=\"col-md-6\">\n\t\t<p><label style=\"width: 100%; text-align: initial; font-size: 22px;\">\u00bfD\u00f3nde encontr\u00f3 informaci\u00f3n sobre nuestro proyecto vocacional?<\/label><br \/>\n<span class=\"wpcf7-form-control-wrap\" data-name=\"info\"><select class=\"wpcf7-form-control wpcf7-select wpcf7-validates-as-required form-control dvt-shadow-2 dvt-shadow-focus-4 dvt-transition m-b-2\" aria-required=\"true\" aria-invalid=\"false\" name=\"info\"><option value=\"-- Seleccione --\">-- Seleccione --<\/option><option value=\"Volantes\">Volantes<\/option><option value=\"Publicaciones religiosas\">Publicaciones religiosas<\/option><option value=\"Redes sociales\">Redes sociales<\/option><option value=\"Correo masivo\">Correo masivo<\/option><option value=\"Otros\">Otros<\/option><\/select><\/span>\n\t\t<\/p>\n\t\t<div data-id=\"medio\" data-orig_data_id=\"medio\"  data-class=\"wpcf7cf_group\">\n\t\t\t<div class=\"col-md-12\">\n\t\t\t\t<p><label style=\"width: 100%; text-align: initial; font-size: 22px;\">Medio<\/label><br \/>\n<span class=\"wpcf7-form-control-wrap\" data-name=\"otro\"><input size=\"40\" maxlength=\"80\" class=\"wpcf7-form-control wpcf7-text form-control dvt-shadow-2 dvt-shadow-focus-4 dvt-transition m-b-2\" aria-invalid=\"false\" placeholder=\"\" value=\"\" type=\"text\" name=\"otro\" \/><\/span>\n\t\t\t\t<\/p>\n\t\t\t<\/div>\n\t\t<\/div>\n\t<\/div>\n\t<div class=\"col-md-6\">\n\t\t<p><label style=\"width: 100%; text-align: initial; font-size: 22px;\">\u00bfDesea recibir informaci\u00f3n de nuestro trabajo?<\/label><br \/>\n<span class=\"wpcf7-form-control-wrap\" data-name=\"recibe\"><select class=\"wpcf7-form-control wpcf7-select wpcf7-validates-as-required form-control dvt-shadow-2 dvt-shadow-focus-4 dvt-transition m-b-2\" aria-required=\"true\" aria-invalid=\"false\" name=\"recibe\"><option value=\"-- Seleccione --\">-- Seleccione --<\/option><option value=\"Si\">Si<\/option><option value=\"No\">No<\/option><\/select><\/span>\n\t\t<\/p>\n\t\t<div data-id=\"recepcion\" data-orig_data_id=\"recepcion\"  data-class=\"wpcf7cf_group\">\n\t\t\t<div class=\"col-md-12\">\n\t\t\t\t<p><label style=\"width: 100%; text-align: initial; font-size: 22px;\">Medio<\/label><br \/>\n<span class=\"wpcf7-form-control-wrap\" data-name=\"recibe\"><select class=\"wpcf7-form-control wpcf7-select form-control dvt-shadow-2 dvt-shadow-focus-4 dvt-transition m-b-2\" aria-invalid=\"false\" name=\"recibe\"><option value=\"-- Seleccione --\">-- Seleccione --<\/option><option value=\"Correo electr\u00f3nico\">Correo electr\u00f3nico<\/option><option value=\"Correo f\u00edsico\">Correo f\u00edsico<\/option><option value=\"Mensaje por Whatsapp\">Mensaje por Whatsapp<\/option><\/select><\/span>\n\t\t\t\t<\/p>\n\t\t\t<\/div>\n\t\t<\/div>\n\t<\/div>\n <!--<div class=\"col-md-12\">\n        <span class=\"wpcf7-form-control-wrap\" data-name=\"mensaje\"><textarea cols=\"40\" rows=\"10\" maxlength=\"400\" class=\"wpcf7-form-control wpcf7-textarea form-control dvt-shadow-2 dvt-shadow-focus-4 dvt-transition m-b-2\" aria-invalid=\"false\" placeholder=\"Mensaje\" name=\"mensaje\"><\/textarea><\/span>\n    <\/div>-->\n\t<div class=\"text-xs-center w-100\">\n\t\t<p><input class=\"wpcf7-form-control wpcf7-submit has-spinner btn btn-primary dvt-shadow-2 dvt-shadow-hover-2\" type=\"submit\" value=\"Enviar\" \/>\n\t\t<\/p>\n\t<\/div>\n<\/div><div class=\"wpcf7-response-output\" aria-hidden=\"true\"><\/div>\n<\/form>\n<\/div>\n[vc_empty_space height=&#8221;120px&#8221;][\/vc_column][\/vc_row][\/vc_section]<\/p>\n","protected":false},"excerpt":{"rendered":"<p>[vc_section][vc_row][vc_column][vc_empty_space height=&#8221;50px&#8221;][dity_bordered_heading title=&#8221;Formulario de apadrinamiento&#8221; subtitle=&#8221;&#8221; css_animation=&#8221;fadeIn&#8221;][vc_empty_space height=&#8221;120px&#8221;][\/vc_column][\/vc_row][\/vc_section]<\/p>\n","protected":false},"author":1,"featured_media":0,"parent":0,"menu_order":0,"comment_status":"closed","ping_status":"closed","template":"","meta":{"sfsi_plus_gutenberg_text_before_share":"","sfsi_plus_gutenberg_show_text_before_share":"","sfsi_plus_gutenberg_icon_type":"","sfsi_plus_gutenberg_icon_alignemt":"","sfsi_plus_gutenburg_max_per_row":"","footnotes":""},"_links":{"self":[{"href":"https:\/\/vocational-fund.org\/index.php?rest_route=\/wp\/v2\/pages\/653"}],"collection":[{"href":"https:\/\/vocational-fund.org\/index.php?rest_route=\/wp\/v2\/pages"}],"about":[{"href":"https:\/\/vocational-fund.org\/index.php?rest_route=\/wp\/v2\/types\/page"}],"author":[{"embeddable":true,"href":"https:\/\/vocational-fund.org\/index.php?rest_route=\/wp\/v2\/users\/1"}],"replies":[{"embeddable":true,"href":"https:\/\/vocational-fund.org\/index.php?rest_route=%2Fwp%2Fv2%2Fcomments&post=653"}],"version-history":[{"count":18,"href":"https:\/\/vocational-fund.org\/index.php?rest_route=\/wp\/v2\/pages\/653\/revisions"}],"predecessor-version":[{"id":2444,"href":"https:\/\/vocational-fund.org\/index.php?rest_route=\/wp\/v2\/pages\/653\/revisions\/2444"}],"wp:attachment":[{"href":"https:\/\/vocational-fund.org\/index.php?rest_route=%2Fwp%2Fv2%2Fmedia&parent=653"}],"curies":[{"name":"wp","href":"https:\/\/api.w.org\/{rel}","templated":true}]}}